{"id":201,"date":"2025-05-13T14:29:28","date_gmt":"2025-05-13T12:29:28","guid":{"rendered":"https:\/\/ansitalia.com\/en\/cosmetopoeia\/"},"modified":"2025-05-13T14:29:58","modified_gmt":"2025-05-13T12:29:58","slug":"cosmetopoeia","status":"publish","type":"page","link":"https:\/\/ansitalia.com\/en\/cosmetopoeia\/","title":{"rendered":"Cosmetopoeia"},"content":{"rendered":"\t\t<div data-elementor-type=\"wp-page\" data-elementor-id=\"201\" class=\"elementor elementor-201\" data-elementor-post-type=\"page\">\n\t\t\t\t<div class=\"elementor-element elementor-element-6e82a82f e-flex e-con-boxed e-con e-parent\" data-id=\"6e82a82f\" data-element_type=\"container\" data-settings=\"{&quot;background_background&quot;:&quot;classic&quot;}\">\n\t\t\t\t\t<div class=\"e-con-inner\">\n\t\t<div class=\"elementor-element elementor-element-4d66ccdf e-con-full e-flex e-con e-child\" data-id=\"4d66ccdf\" data-element_type=\"container\" data-settings=\"{&quot;background_background&quot;:&quot;classic&quot;}\">\n\t\t\t\t<\/div>\n\t\t<div class=\"elementor-element elementor-element-3e7e0d32 e-con-full e-flex e-con e-child\" data-id=\"3e7e0d32\" data-element_type=\"container\" data-settings=\"{&quot;background_background&quot;:&quot;classic&quot;}\">\n\t\t\t\t<div class=\"elementor-element elementor-element-10e5fdf5 elementor-widget elementor-widget-heading\" data-id=\"10e5fdf5\" data-element_type=\"widget\" data-widget_type=\"heading.default\">\n\t\t\t\t<div class=\"elementor-widget-container\">\n\t\t\t\t\t<h1 class=\"elementor-heading-title elementor-size-default\">Cosmetopoeia<\/h1>\t\t\t\t<\/div>\n\t\t\t\t<\/div>\n\t\t\t\t<div class=\"elementor-element elementor-element-30b9b2ff elementor-widget elementor-widget-heading\" data-id=\"30b9b2ff\" data-element_type=\"widget\" data-widget_type=\"heading.default\">\n\t\t\t\t<div class=\"elementor-widget-container\">\n\t\t\t\t\t<h2 class=\"elementor-heading-title elementor-size-default\">divisione cosmetica<\/h2>\t\t\t\t<\/div>\n\t\t\t\t<\/div>\n\t\t\t\t<div class=\"elementor-element elementor-element-5a338314 elementor-widget__width-inherit elementor-widget elementor-widget-text-editor\" data-id=\"5a338314\" data-element_type=\"widget\" data-widget_type=\"text-editor.default\">\n\t\t\t\t<div class=\"elementor-widget-container\">\n\t\t\t\t\t\t\t\t\t<p>La <b>Cosmetopeia<\/b> \u00e8 una leva per la conservazione della biodiversit\u00e0 che guida una nuova dinamica per una migliore conoscenza degli usi tradizionali delle piante; \u00e8 un&#8217;emulazione cosmetica e scientifica ultra-dinamica,&nbsp;<b>una delle pi\u00f9 produttive oggi.<\/b><\/p>\t\t\t\t\t\t\t\t<\/div>\n\t\t\t\t<\/div>\n\t\t\t\t<\/div>\n\t\t\t\t\t<\/div>\n\t\t\t\t<\/div>\n\t\t<div class=\"elementor-element elementor-element-43139c29 e-flex e-con-boxed e-con e-parent\" data-id=\"43139c29\" data-element_type=\"container\" data-settings=\"{&quot;background_background&quot;:&quot;classic&quot;}\">\n\t\t\t\t\t<div class=\"e-con-inner\">\n\t\t<div class=\"elementor-element elementor-element-299911a5 animated-slow e-flex e-con-boxed elementor-invisible e-con e-child\" data-id=\"299911a5\" data-element_type=\"container\" data-settings=\"{&quot;animation&quot;:&quot;slideInRight&quot;}\">\n\t\t\t\t\t<div class=\"e-con-inner\">\n\t\t\t\t<div class=\"elementor-element elementor-element-2682a91b elementor-widget elementor-widget-heading\" data-id=\"2682a91b\" data-element_type=\"widget\" data-widget_type=\"heading.default\">\n\t\t\t\t<div class=\"elementor-widget-container\">\n\t\t\t\t\t<h2 class=\"elementor-heading-title elementor-size-default\"><b>CARE<\/b> \/ cura profonda, riparatrice, estetizzante<\/h2>\t\t\t\t<\/div>\n\t\t\t\t<\/div>\n\t\t\t\t<div class=\"elementor-element elementor-element-5a38165c elementor-widget elementor-widget-heading\" data-id=\"5a38165c\" data-element_type=\"widget\" data-widget_type=\"heading.default\">\n\t\t\t\t<div class=\"elementor-widget-container\">\n\t\t\t\t\t<h2 class=\"elementor-heading-title elementor-size-default\"><b>SELF-HEALING<\/b>\/ autostima, fiducia, benessere\n<\/h2>\t\t\t\t<\/div>\n\t\t\t\t<\/div>\n\t\t\t\t<div class=\"elementor-element elementor-element-56ee3019 elementor-widget elementor-widget-heading\" data-id=\"56ee3019\" data-element_type=\"widget\" data-widget_type=\"heading.default\">\n\t\t\t\t<div class=\"elementor-widget-container\">\n\t\t\t\t\t<h2 class=\"elementor-heading-title elementor-size-default\"><b>EARTH CARE <\/b>\/ cura del pianeta, dell'ambiente<\/h2>\t\t\t\t<\/div>\n\t\t\t\t<\/div>\n\t\t\t\t\t<\/div>\n\t\t\t\t<\/div>\n\t\t\t\t\t<\/div>\n\t\t\t\t<\/div>\n\t\t<div class=\"elementor-element elementor-element-2d682035 e-flex e-con-boxed e-con e-parent\" data-id=\"2d682035\" data-element_type=\"container\" data-settings=\"{&quot;background_background&quot;:&quot;classic&quot;}\">\n\t\t\t\t\t<div class=\"e-con-inner\">\n\t\t<div class=\"elementor-element elementor-element-675ebb67 e-con-full e-flex e-con e-child\" data-id=\"675ebb67\" data-element_type=\"container\">\n\t\t\t\t<div class=\"elementor-element elementor-element-3b332556 elementor-widget elementor-widget-text-editor\" data-id=\"3b332556\" data-element_type=\"widget\" data-widget_type=\"text-editor.default\">\n\t\t\t\t<div class=\"elementor-widget-container\">\n\t\t\t\t\t\t\t\t\t<p><strong>Studi clinici<\/strong><br \/>Nessun altro prodotto cosmetico\u00a0per la cura dei capelli \u00e8 clinicamente testato, specialmente per i prodotti liscianti &#8211; questa \u00e8 una vera innovazione in un mercato in rapida crescita I prodotti per la stiratura dei capelli sono noti per i rischi e i danni che causano ai capelli.\u00a0<\/p><p>Dimostrare, attraverso solidi studi clinici che coinvolgano rinomati operatori italiani, l&#8217;EFFICACIA e la SICUREZZA dei prodotti AnS esistenti (circa 10 su una gamma di circa 20 prodotti) e apportare alcuni miglioramenti alla formulazione. Gli studi clinici consentirebbero di rassicurare un mercato con un&#8217;elevata domanda, ma dove molte persone si astengono dall&#8217;acquistare per i rischi associati.<\/p>\t\t\t\t\t\t\t\t<\/div>\n\t\t\t\t<\/div>\n\t\t\t\t<\/div>\n\t\t<div class=\"elementor-element elementor-element-2fb7fb6e e-con-full e-flex e-con e-child\" data-id=\"2fb7fb6e\" data-element_type=\"container\" data-settings=\"{&quot;background_background&quot;:&quot;classic&quot;}\">\n\t\t\t\t<\/div>\n\t\t\t\t\t<\/div>\n\t\t\t\t<\/div>\n\t\t<div class=\"elementor-element elementor-element-575bc820 e-flex e-con-boxed e-con e-parent\" data-id=\"575bc820\" data-element_type=\"container\" data-settings=\"{&quot;background_background&quot;:&quot;classic&quot;}\">\n\t\t\t\t\t<div class=\"e-con-inner\">\n\t\t<div class=\"elementor-element elementor-element-1bd4252d e-con-full e-flex e-con e-child\" data-id=\"1bd4252d\" data-element_type=\"container\" data-settings=\"{&quot;background_background&quot;:&quot;classic&quot;}\">\n\t\t\t\t<div class=\"elementor-element elementor-element-274b9b1e elementor-widget elementor-widget-text-editor\" data-id=\"274b9b1e\" data-element_type=\"widget\" data-widget_type=\"text-editor.default\">\n\t\t\t\t<div class=\"elementor-widget-container\">\n\t\t\t\t\t\t\t\t\t<p><strong>AnS Green Haircare<\/strong><br \/>Il programma di ricerca consentir\u00e0 di accelerare il programma AnS Green Haircare e implementare formulazioni a basso impatto ambientale \/ Ecocert.<\/p>\t\t\t\t\t\t\t\t<\/div>\n\t\t\t\t<\/div>\n\t\t\t\t<div class=\"elementor-element elementor-element-255e83f7 elementor-widget elementor-widget-text-editor\" data-id=\"255e83f7\" data-element_type=\"widget\" data-widget_type=\"text-editor.default\">\n\t\t\t\t<div class=\"elementor-widget-container\">\n\t\t\t\t\t\t\t\t\t<ol><li style=\"list-style-type: none;\"><ol><li>Efficienza atomica per implementare metodi che incorporino tutti i materiali coinvolti nella sintesi nel prodotto finale.<\/li><li>Uso massiccio di materiali naturali con un impatto ambientale limitato dovuto alla loro produzione (ad esempio, il riso, che consuma molta acqua nella produzione, \u00e8 un cattivo candidato), approvvigionamento a basso impatto ambientale.<\/li><li>Riduzione del numero di derivati per limitare la produzione di rifiuti.<\/li><li>Creazione di prodotti (shampoo e maschere) che richiedono un bassissimo consumo di acqua per il risciacquo.<\/li><li>Lavoro su imballaggi innovativi ed ecologici.<\/li><li style=\"list-style-type: none;\">\u00a0<\/li><\/ol><\/li><\/ol>\t\t\t\t\t\t\t\t<\/div>\n\t\t\t\t<\/div>\n\t\t\t\t<\/div>\n\t\t<div class=\"elementor-element elementor-element-3610c2f8 e-con-full e-flex e-con e-child\" data-id=\"3610c2f8\" data-element_type=\"container\" data-settings=\"{&quot;background_background&quot;:&quot;classic&quot;}\">\n\t\t\t\t<\/div>\n\t\t\t\t\t<\/div>\n\t\t\t\t<\/div>\n\t\t<div class=\"elementor-element elementor-element-360fbbc7 e-flex e-con-boxed e-con e-parent\" data-id=\"360fbbc7\" data-element_type=\"container\" data-settings=\"{&quot;background_background&quot;:&quot;classic&quot;}\">\n\t\t\t\t\t<div class=\"e-con-inner\">\n\t\t<div class=\"elementor-element elementor-element-35c93e96 e-con-full e-flex e-con e-child\" data-id=\"35c93e96\" data-element_type=\"container\" data-settings=\"{&quot;background_background&quot;:&quot;classic&quot;}\">\n\t\t\t\t<\/div>\n\t\t<div class=\"elementor-element elementor-element-13f9e77b e-con-full e-flex e-con e-child\" data-id=\"13f9e77b\" data-element_type=\"container\">\n\t\t\t\t<div class=\"elementor-element elementor-element-22f6aeeb elementor-widget elementor-widget-text-editor\" data-id=\"22f6aeeb\" data-element_type=\"widget\" data-widget_type=\"text-editor.default\">\n\t\t\t\t<div class=\"elementor-widget-container\">\n\t\t\t\t\t\t\t\t\t<p><span style=\"font-weight: bold;\">Innovazione<\/span><br \/>Il programma di ricerca si concentrer\u00e0 sullo sviluppo di nuovi prodotti che affrontano tutte le problematiche dei capelli (dal cuoio capelluto alle punte):<br \/>Caso 1: L&#8217;invecchiamento \u00e8 una parte inevitabile della vita e, proprio come la nostra pelle, anche i nostri capelli subiscono cambiamenti con la maturit\u00e0. AnS vorrebbe sviluppare una nuova linea di prodotti per la cura dei capelli dedicata all&#8217;anti-aging dei capelli<br \/>Caso 2: creazione di una ricostruzione della fibra capillare<\/p>\t\t\t\t\t\t\t\t<\/div>\n\t\t\t\t<\/div>\n\t\t\t\t<\/div>\n\t\t\t\t\t<\/div>\n\t\t\t\t<\/div>\n\t\t\t\t<\/div>\n\t\t","protected":false},"excerpt":{"rendered":"<p>Cosmetopoeia divisione cosmetica La Cosmetopeia \u00e8 una leva per la conservazione della biodiversit\u00e0 che guida una nuova dinamica per una [&hellip;]<\/p>\n","protected":false},"author":1,"featured_media":0,"parent":0,"menu_order":0,"comment_status":"closed","ping_status":"closed","template":"elementor_header_footer","meta":{"site-sidebar-layout":"default","site-content-layout":"","ast-site-content-layout":"full-width-container","site-content-style":"unboxed","site-sidebar-style":"default","ast-global-header-display":"","ast-banner-title-visibility":"","ast-main-header-display":"","ast-hfb-above-header-display":"","ast-hfb-below-header-display":"","ast-hfb-mobile-header-display":"","site-post-title":"","ast-breadcrumbs-content":"","ast-featured-img":"","footer-sml-layout":"","ast-disable-related-posts":"","theme-transparent-header-meta":"","adv-header-id-meta":"","stick-header-meta":"","header-above-stick-meta":"","header-main-stick-meta":"","header-below-stick-meta":"","astra-migrate-meta-layouts":"default","ast-page-background-enabled":"default","ast-page-background-meta":{"desktop":{"background-color":"var(--ast-global-color-5)","background-image":"","background-repeat":"repeat","background-position":"center center","background-size":"auto","background-attachment":"scroll","background-type":"","background-media":"","overlay-type":"","overlay-color":"","overlay-opacity":"","overlay-gradient":""},"tablet":{"background-color":"","background-image":"","background-repeat":"repeat","background-position":"center center","background-size":"auto","background-attachment":"scroll","background-type":"","background-media":"","overlay-type":"","overlay-color":"","overlay-opacity":"","overlay-gradient":""},"mobile":{"background-color":"","background-image":"","background-repeat":"repeat","background-position":"center center","background-size":"auto","background-attachment":"scroll","background-type":"","background-media":"","overlay-type":"","overlay-color":"","overlay-opacity":"","overlay-gradient":""}},"ast-content-background-meta":{"desktop":{"background-color":"var(--ast-global-color-4)","background-image":"","background-repeat":"repeat","background-position":"center center","background-size":"auto","background-attachment":"scroll","background-type":"","background-media":"","overlay-type":"","overlay-color":"","overlay-opacity":"","overlay-gradient":""},"tablet":{"background-color":"var(--ast-global-color-4)","background-image":"","background-repeat":"repeat","background-position":"center center","background-size":"auto","background-attachment":"scroll","background-type":"","background-media":"","overlay-type":"","overlay-color":"","overlay-opacity":"","overlay-gradient":""},"mobile":{"background-color":"var(--ast-global-color-4)","background-image":"","background-repeat":"repeat","background-position":"center center","background-size":"auto","background-attachment":"scroll","background-type":"","background-media":"","overlay-type":"","overlay-color":"","overlay-opacity":"","overlay-gradient":""}},"footnotes":""},"class_list":["post-201","page","type-page","status-publish","hentry"],"_links":{"self":[{"href":"https:\/\/ansitalia.com\/en\/wp-json\/wp\/v2\/pages\/201","targetHints":{"allow":["GET"]}}],"collection":[{"href":"https:\/\/ansitalia.com\/en\/wp-json\/wp\/v2\/pages"}],"about":[{"href":"https:\/\/ansitalia.com\/en\/wp-json\/wp\/v2\/types\/page"}],"author":[{"embeddable":true,"href":"https:\/\/ansitalia.com\/en\/wp-json\/wp\/v2\/users\/1"}],"replies":[{"embeddable":true,"href":"https:\/\/ansitalia.com\/en\/wp-json\/wp\/v2\/comments?post=201"}],"version-history":[{"count":4,"href":"https:\/\/ansitalia.com\/en\/wp-json\/wp\/v2\/pages\/201\/revisions"}],"predecessor-version":[{"id":357,"href":"https:\/\/ansitalia.com\/en\/wp-json\/wp\/v2\/pages\/201\/revisions\/357"}],"wp:attachment":[{"href":"https:\/\/ansitalia.com\/en\/wp-json\/wp\/v2\/media?parent=201"}],"curies":[{"name":"wp","href":"https:\/\/api.w.org\/{rel}","templated":true}]}}