{"id":196,"date":"2025-05-13T14:29:26","date_gmt":"2025-05-13T12:29:26","guid":{"rendered":"https:\/\/ansitalia.com\/en\/ans-vision-program\/"},"modified":"2025-05-13T14:29:58","modified_gmt":"2025-05-13T12:29:58","slug":"ans-vision-program","status":"publish","type":"page","link":"https:\/\/ansitalia.com\/en\/ans-vision-program\/","title":{"rendered":"ANS Vision Program"},"content":{"rendered":"\t\t<div data-elementor-type=\"wp-page\" data-elementor-id=\"196\" class=\"elementor elementor-196\" data-elementor-post-type=\"page\">\n\t\t\t\t<div class=\"elementor-element elementor-element-2ec59304 e-flex e-con-boxed e-con e-parent\" data-id=\"2ec59304\" data-element_type=\"container\" data-settings=\"{&quot;background_background&quot;:&quot;classic&quot;}\">\n\t\t\t\t\t<div class=\"e-con-inner\">\n\t\t<div class=\"elementor-element elementor-element-6f1e42b8 e-con-full e-flex e-con e-child\" data-id=\"6f1e42b8\" data-element_type=\"container\" data-settings=\"{&quot;background_background&quot;:&quot;classic&quot;}\">\n\t\t\t\t<div class=\"elementor-element elementor-element-7bf69362 elementor-widget elementor-widget-heading\" data-id=\"7bf69362\" data-element_type=\"widget\" data-widget_type=\"heading.default\">\n\t\t\t\t<div class=\"elementor-widget-container\">\n\t\t\t\t\t<h1 class=\"elementor-heading-title elementor-size-default\">ANS Vision Program<\/h1>\t\t\t\t<\/div>\n\t\t\t\t<\/div>\n\t\t\t\t<div class=\"elementor-element elementor-element-1de171f1 elementor-widget elementor-widget-heading\" data-id=\"1de171f1\" data-element_type=\"widget\" data-widget_type=\"heading.default\">\n\t\t\t\t<div class=\"elementor-widget-container\">\n\t\t\t\t\t<h2 class=\"elementor-heading-title elementor-size-default\">Divisione di ricerca su software &amp; AI<\/h2>\t\t\t\t<\/div>\n\t\t\t\t<\/div>\n\t\t\t\t<div class=\"elementor-element elementor-element-47a6419d elementor-widget elementor-widget-text-editor\" data-id=\"47a6419d\" data-element_type=\"widget\" data-widget_type=\"text-editor.default\">\n\t\t\t\t<div class=\"elementor-widget-container\">\n\t\t\t\t\t\t\t\t\t<p>La nostra divisione si concentra sullo sviluppo di una rivoluzionaria applicazione intelligente di analisi tricoscopica dei capelli e del cuoio capelluto basata su intelligenza artificiale (AI). Verificata da importanti dermatologi e con un\u2019eccellente affidabilit\u00e0 test-retest, questa applicazione consente sia agli utenti privati sia ai professionisti AnS di valutare con precisione i propri capelli attraverso una rapida scansione, guidandoli verso i prodotti per la cura dei capelli, le tecniche e lo styling AnS pi\u00f9 adatti al loro tipo di capelli, in conformit\u00e0 con i dati dei test clinici AnS.<\/p><p>L&#8217;analisi precisa e non invasiva includer\u00e0 la perdita di capelli, la densit\u00e0 dei capelli, lo spessore dei capelli, la condizione dei pori dei capelli, la condizione della cuticola, la condizione del cuoio capelluto, la cheratina del cuoio capelluto, la sensibilit\u00e0 e un questionario di consultazione con il cliente guidato dall&#8217;intelligenza artificiale. Altri parametri avanzati saranno inclusi per facilitare una diagnosi completa di qualsiasi tipo di capelli.<\/p>\t\t\t\t\t\t\t\t<\/div>\n\t\t\t\t<\/div>\n\t\t\t\t<\/div>\n\t\t<div class=\"elementor-element elementor-element-46db4f3 e-con-full e-flex e-con e-child\" data-id=\"46db4f3\" data-element_type=\"container\" data-settings=\"{&quot;background_background&quot;:&quot;classic&quot;}\">\n\t\t\t\t<div class=\"elementor-element elementor-element-431e5e9 elementor-widget__width-initial elementor-widget elementor-widget-image\" data-id=\"431e5e9\" data-element_type=\"widget\" data-widget_type=\"image.default\">\n\t\t\t\t<div class=\"elementor-widget-container\">\n\t\t\t\t\t\t\t\t\t\t\t\t\t\t\t<img fetchpriority=\"high\" decoding=\"async\" width=\"768\" height=\"768\" src=\"https:\/\/ansitalia.com\/en\/wp-content\/uploads\/sites\/5\/2025\/05\/ans-vision-1-e1716048009144-768x768.webp\" class=\"attachment-medium_large size-medium_large wp-image-197\" alt=\"\" srcset=\"https:\/\/ansitalia.com\/en\/wp-content\/uploads\/sites\/5\/2025\/05\/ans-vision-1-e1716048009144-768x768.webp 768w, https:\/\/ansitalia.com\/en\/wp-content\/uploads\/sites\/5\/2025\/05\/ans-vision-1-e1716048009144-300x300.webp 300w, https:\/\/ansitalia.com\/en\/wp-content\/uploads\/sites\/5\/2025\/05\/ans-vision-1-e1716048009144-150x150.webp 150w, https:\/\/ansitalia.com\/en\/wp-content\/uploads\/sites\/5\/2025\/05\/ans-vision-1-e1716048009144-600x600.webp 600w, https:\/\/ansitalia.com\/en\/wp-content\/uploads\/sites\/5\/2025\/05\/ans-vision-1-e1716048009144-100x100.webp 100w, https:\/\/ansitalia.com\/en\/wp-content\/uploads\/sites\/5\/2025\/05\/ans-vision-1-e1716048009144.webp 911w\" sizes=\"(max-width: 768px) 100vw, 768px\" \/>\t\t\t\t\t\t\t\t\t\t\t\t\t\t\t<\/div>\n\t\t\t\t<\/div>\n\t\t\t\t<\/div>\n\t\t<div class=\"elementor-element elementor-element-199508a1 e-con-full e-flex e-con e-child\" data-id=\"199508a1\" data-element_type=\"container\" data-settings=\"{&quot;background_background&quot;:&quot;classic&quot;}\">\n\t\t\t\t<div class=\"elementor-element elementor-element-784c9c3b elementor-widget__width-initial elementor-widget-mobile__width-inherit elementor-widget elementor-widget-image\" data-id=\"784c9c3b\" data-element_type=\"widget\" data-widget_type=\"image.default\">\n\t\t\t\t<div class=\"elementor-widget-container\">\n\t\t\t\t\t\t\t\t\t\t\t\t\t\t\t<img decoding=\"async\" width=\"768\" height=\"768\" src=\"https:\/\/ansitalia.com\/en\/wp-content\/uploads\/sites\/5\/2025\/05\/ans-vision-2-e1716047981205-768x768.webp\" class=\"attachment-medium_large size-medium_large wp-image-198\" alt=\"\" srcset=\"https:\/\/ansitalia.com\/en\/wp-content\/uploads\/sites\/5\/2025\/05\/ans-vision-2-e1716047981205-768x768.webp 768w, https:\/\/ansitalia.com\/en\/wp-content\/uploads\/sites\/5\/2025\/05\/ans-vision-2-e1716047981205-300x300.webp 300w, https:\/\/ansitalia.com\/en\/wp-content\/uploads\/sites\/5\/2025\/05\/ans-vision-2-e1716047981205-1024x1024.webp 1024w, https:\/\/ansitalia.com\/en\/wp-content\/uploads\/sites\/5\/2025\/05\/ans-vision-2-e1716047981205-150x150.webp 150w, https:\/\/ansitalia.com\/en\/wp-content\/uploads\/sites\/5\/2025\/05\/ans-vision-2-e1716047981205-600x600.webp 600w, https:\/\/ansitalia.com\/en\/wp-content\/uploads\/sites\/5\/2025\/05\/ans-vision-2-e1716047981205-100x100.webp 100w, https:\/\/ansitalia.com\/en\/wp-content\/uploads\/sites\/5\/2025\/05\/ans-vision-2-e1716047981205.webp 1125w\" sizes=\"(max-width: 768px) 100vw, 768px\" \/>\t\t\t\t\t\t\t\t\t\t\t\t\t\t\t<\/div>\n\t\t\t\t<\/div>\n\t\t\t\t<\/div>\n\t\t<div class=\"elementor-element elementor-element-23f53f5d e-con-full e-flex e-con e-child\" data-id=\"23f53f5d\" data-element_type=\"container\" data-settings=\"{&quot;background_background&quot;:&quot;classic&quot;}\">\n\t\t\t\t<div class=\"elementor-element elementor-element-441b2a02 elementor-widget elementor-widget-text-editor\" data-id=\"441b2a02\" data-element_type=\"widget\" data-widget_type=\"text-editor.default\">\n\t\t\t\t<div class=\"elementor-widget-container\">\n\t\t\t\t\t\t\t\t\t<p>Beauty Tech sar\u00e0 disponibile in due versioni: una che utilizza l&#8217;ottica dello smartphone e una versione Pro con dispositivi wireless ad alto ingrandimento. Questa soluzione permetter\u00e0 agli utenti di ottenere a casa propria la stessa qualit\u00e0 dei trattamenti offerti nelle esclusive hair spa AnS di Parigi, ma a un costo molto inferiore.<\/p><p>La piattaforma completa misurer\u00e0 le condizioni quotidiane dei capelli e fornir\u00e0 soluzioni personalizzate, aiutando i clienti a monitorare i miglioramenti ottenuti con i prodotti AnS Brasil Italia. Il sistema si basa sull&#8217;analisi AI dei capelli, utilizzando algoritmi di apprendimento profondo per la scansione di immagini mediche.<\/p><p>L&#8217;avanzato motore AI creer\u00e0 simulazioni prima\/dopo sui capelli degli utenti, permettendo di visualizzare e monitorare i progressi dei trattamenti. Questo motore di simulazione, alimentato dall&#8217;intelligenza artificiale, pu\u00f2 affrontare fino a X problemi diversi dei capelli. L&#8217; applicazione di AnS Brasil Italia sar\u00e0 ampiamente utilizzata da rinomati dermatologi per condurre studi clinici, garantendo risultati di alta qualit\u00e0.<\/p>\t\t\t\t\t\t\t\t<\/div>\n\t\t\t\t<\/div>\n\t\t\t\t<div class=\"elementor-element elementor-element-2b7bae49 elementor-widget elementor-widget-menu-anchor\" data-id=\"2b7bae49\" data-element_type=\"widget\" data-widget_type=\"menu-anchor.default\">\n\t\t\t\t<div class=\"elementor-widget-container\">\n\t\t\t\t\t\t\t<div class=\"elementor-menu-anchor\" id=\"cosmesi\"><\/div>\n\t\t\t\t\t\t<\/div>\n\t\t\t\t<\/div>\n\t\t\t\t<\/div>\n\t\t\t\t\t<\/div>\n\t\t\t\t<\/div>\n\t\t\t\t<\/div>\n\t\t","protected":false},"excerpt":{"rendered":"<p>ANS Vision Program Divisione di ricerca su software &#038; AI La nostra divisione si concentra sullo sviluppo di una rivoluzionaria [&hellip;]<\/p>\n","protected":false},"author":1,"featured_media":0,"parent":0,"menu_order":0,"comment_status":"closed","ping_status":"closed","template":"elementor_header_footer","meta":{"site-sidebar-layout":"default","site-content-layout":"","ast-site-content-layout":"full-width-container","site-content-style":"unboxed","site-sidebar-style":"default","ast-global-header-display":"","ast-banner-title-visibility":"","ast-main-header-display":"","ast-hfb-above-header-display":"","ast-hfb-below-header-display":"","ast-hfb-mobile-header-display":"","site-post-title":"","ast-breadcrumbs-content":"","ast-featured-img":"","footer-sml-layout":"","ast-disable-related-posts":"","theme-transparent-header-meta":"","adv-header-id-meta":"","stick-header-meta":"","header-above-stick-meta":"","header-main-stick-meta":"","header-below-stick-meta":"","astra-migrate-meta-layouts":"default","ast-page-background-enabled":"default","ast-page-background-meta":{"desktop":{"background-color":"var(--ast-global-color-5)","background-image":"","background-repeat":"repeat","background-position":"center center","background-size":"auto","background-attachment":"scroll","background-type":"","background-media":"","overlay-type":"","overlay-color":"","overlay-opacity":"","overlay-gradient":""},"tablet":{"background-color":"","background-image":"","background-repeat":"repeat","background-position":"center center","background-size":"auto","background-attachment":"scroll","background-type":"","background-media":"","overlay-type":"","overlay-color":"","overlay-opacity":"","overlay-gradient":""},"mobile":{"background-color":"","background-image":"","background-repeat":"repeat","background-position":"center center","background-size":"auto","background-attachment":"scroll","background-type":"","background-media":"","overlay-type":"","overlay-color":"","overlay-opacity":"","overlay-gradient":""}},"ast-content-background-meta":{"desktop":{"background-color":"var(--ast-global-color-4)","background-image":"","background-repeat":"repeat","background-position":"center center","background-size":"auto","background-attachment":"scroll","background-type":"","background-media":"","overlay-type":"","overlay-color":"","overlay-opacity":"","overlay-gradient":""},"tablet":{"background-color":"var(--ast-global-color-4)","background-image":"","background-repeat":"repeat","background-position":"center center","background-size":"auto","background-attachment":"scroll","background-type":"","background-media":"","overlay-type":"","overlay-color":"","overlay-opacity":"","overlay-gradient":""},"mobile":{"background-color":"var(--ast-global-color-4)","background-image":"","background-repeat":"repeat","background-position":"center center","background-size":"auto","background-attachment":"scroll","background-type":"","background-media":"","overlay-type":"","overlay-color":"","overlay-opacity":"","overlay-gradient":""}},"footnotes":""},"class_list":["post-196","page","type-page","status-publish","hentry"],"_links":{"self":[{"href":"https:\/\/ansitalia.com\/en\/wp-json\/wp\/v2\/pages\/196","targetHints":{"allow":["GET"]}}],"collection":[{"href":"https:\/\/ansitalia.com\/en\/wp-json\/wp\/v2\/pages"}],"about":[{"href":"https:\/\/ansitalia.com\/en\/wp-json\/wp\/v2\/types\/page"}],"author":[{"embeddable":true,"href":"https:\/\/ansitalia.com\/en\/wp-json\/wp\/v2\/users\/1"}],"replies":[{"embeddable":true,"href":"https:\/\/ansitalia.com\/en\/wp-json\/wp\/v2\/comments?post=196"}],"version-history":[{"count":4,"href":"https:\/\/ansitalia.com\/en\/wp-json\/wp\/v2\/pages\/196\/revisions"}],"predecessor-version":[{"id":355,"href":"https:\/\/ansitalia.com\/en\/wp-json\/wp\/v2\/pages\/196\/revisions\/355"}],"wp:attachment":[{"href":"https:\/\/ansitalia.com\/en\/wp-json\/wp\/v2\/media?parent=196"}],"curies":[{"name":"wp","href":"https:\/\/api.w.org\/{rel}","templated":true}]}}