{"id":180,"date":"2025-05-13T14:29:21","date_gmt":"2025-05-13T12:29:21","guid":{"rendered":"https:\/\/ansitalia.com\/en\/press\/"},"modified":"2025-05-13T14:29:58","modified_gmt":"2025-05-13T12:29:58","slug":"press","status":"publish","type":"page","link":"https:\/\/ansitalia.com\/en\/press\/","title":{"rendered":"Press"},"content":{"rendered":"\t\t<div data-elementor-type=\"wp-page\" data-elementor-id=\"180\" class=\"elementor elementor-180\" data-elementor-post-type=\"page\">\n\t\t\t\t<div class=\"elementor-element elementor-element-3e2ea61b e-con-full e-flex e-con e-parent\" data-id=\"3e2ea61b\" data-element_type=\"container\" data-settings=\"{&quot;background_background&quot;:&quot;classic&quot;}\">\n\t\t<div class=\"elementor-element elementor-element-74d1e81a e-con-full e-flex e-con e-child\" data-id=\"74d1e81a\" data-element_type=\"container\">\n\t\t<div class=\"elementor-element elementor-element-35a7b58b e-con-full e-flex e-con e-child\" data-id=\"35a7b58b\" data-element_type=\"container\">\n\t\t\t\t<div class=\"elementor-element elementor-element-131d7b04 elementor-widget__width-initial elementor-widget elementor-widget-image\" data-id=\"131d7b04\" data-element_type=\"widget\" data-widget_type=\"image.default\">\n\t\t\t\t<div class=\"elementor-widget-container\">\n\t\t\t\t\t\t\t\t\t\t\t\t\t\t\t<img fetchpriority=\"high\" decoding=\"async\" width=\"768\" height=\"692\" src=\"https:\/\/ansitalia.com\/en\/wp-content\/uploads\/sites\/5\/2025\/05\/press-768x692.jpg\" class=\"attachment-medium_large size-medium_large wp-image-181\" alt=\"\" srcset=\"https:\/\/ansitalia.com\/en\/wp-content\/uploads\/sites\/5\/2025\/05\/press-768x692.jpg 768w, https:\/\/ansitalia.com\/en\/wp-content\/uploads\/sites\/5\/2025\/05\/press-300x271.jpg 300w, https:\/\/ansitalia.com\/en\/wp-content\/uploads\/sites\/5\/2025\/05\/press-1024x923.jpg 1024w, https:\/\/ansitalia.com\/en\/wp-content\/uploads\/sites\/5\/2025\/05\/press-600x541.jpg 600w, https:\/\/ansitalia.com\/en\/wp-content\/uploads\/sites\/5\/2025\/05\/press.jpg 1068w\" sizes=\"(max-width: 768px) 100vw, 768px\" \/>\t\t\t\t\t\t\t\t\t\t\t\t\t\t\t<\/div>\n\t\t\t\t<\/div>\n\t\t\t\t<\/div>\n\t\t\t\t<\/div>\n\t\t<div class=\"elementor-element elementor-element-3b83518e e-con-full e-flex e-con e-child\" data-id=\"3b83518e\" data-element_type=\"container\" data-settings=\"{&quot;background_background&quot;:&quot;classic&quot;}\">\n\t\t\t\t<div class=\"elementor-element elementor-element-433e4e82 elementor-widget__width-auto elementor-widget elementor-widget-heading\" data-id=\"433e4e82\" data-element_type=\"widget\" data-widget_type=\"heading.default\">\n\t\t\t\t<div class=\"elementor-widget-container\">\n\t\t\t\t\t<h1 class=\"elementor-heading-title elementor-size-default\">AnS Brasil <\/h1>\t\t\t\t<\/div>\n\t\t\t\t<\/div>\n\t\t\t\t<div class=\"elementor-element elementor-element-5274376f elementor-widget elementor-widget-text-editor\" data-id=\"5274376f\" data-element_type=\"widget\" data-widget_type=\"text-editor.default\">\n\t\t\t\t<div class=\"elementor-widget-container\">\n\t\t\t\t\t\t\t\t\t<p>AnS Brasil viene spesso citata dalla stampa per i suoi prodotti,\u00a0 per le sue idee innovative e per il suo approccio all&#8217;avanguardia sulla cura dei capelli.<\/p><p>AnS Brasila \u00e8 protagonista di\u00a0\u00a0<b>oltre 30 articoli negli ultimi 3 anni<\/b>, in cui\u00a0giornalisti sottolineano la nostra filosofia di cura dei capelli e ecosistema. Al<span style=\"font-family: var( --e-global-typography-text-font-family ), Sans-serif; font-weight: var( --e-global-typography-text-font-weight ); font-size: 1rem;\">\u00a0di l\u00e0 dei suoi prodotti, AnS Brasil \u00e8 soprattutto <\/span><span style=\"font-family: var( --e-global-typography-text-font-family ), Sans-serif; font-size: 1rem;\"><b>portavoce dell&#8217;ecosistema della cura dei capelli<\/b><\/span><span style=\"font-family: var( --e-global-typography-text-font-family ), Sans-serif; font-weight: var( --e-global-typography-text-font-weight ); font-size: 1rem;\">.<\/span><\/p><p>Educare fa parte del DNA del nostro brand.<\/p>\t\t\t\t\t\t\t\t<\/div>\n\t\t\t\t<\/div>\n\t\t\t\t<\/div>\n\t\t\t\t<\/div>\n\t\t<div class=\"elementor-element elementor-element-e833d3b e-flex e-con-boxed e-con e-parent\" data-id=\"e833d3b\" data-element_type=\"container\" data-settings=\"{&quot;background_background&quot;:&quot;classic&quot;}\">\n\t\t\t\t\t<div class=\"e-con-inner\">\n\t\t<div class=\"elementor-element elementor-element-3879c7c1 e-con-full e-flex e-con e-child\" data-id=\"3879c7c1\" data-element_type=\"container\">\n\t\t\t\t<div class=\"elementor-element elementor-element-695b5365 elementor-widget elementor-widget-image\" data-id=\"695b5365\" data-element_type=\"widget\" data-widget_type=\"image.default\">\n\t\t\t\t<div class=\"elementor-widget-container\">\n\t\t\t\t\t\t\t\t\t\t\t\t\t\t\t<img decoding=\"async\" width=\"450\" height=\"215\" src=\"https:\/\/ansitalia.com\/en\/wp-content\/uploads\/sites\/5\/2025\/05\/30.jpg\" class=\"attachment-medium_large size-medium_large wp-image-183\" alt=\"\" srcset=\"https:\/\/ansitalia.com\/en\/wp-content\/uploads\/sites\/5\/2025\/05\/30.jpg 450w, https:\/\/ansitalia.com\/en\/wp-content\/uploads\/sites\/5\/2025\/05\/30-300x143.jpg 300w\" sizes=\"(max-width: 450px) 100vw, 450px\" \/>\t\t\t\t\t\t\t\t\t\t\t\t\t\t\t<\/div>\n\t\t\t\t<\/div>\n\t\t\t\t<\/div>\n\t\t<div class=\"elementor-element elementor-element-28d75c72 e-con-full e-flex e-con e-child\" data-id=\"28d75c72\" data-element_type=\"container\">\n\t\t\t\t<div class=\"elementor-element elementor-element-37a6f06b elementor-widget elementor-widget-text-editor\" data-id=\"37a6f06b\" data-element_type=\"widget\" data-widget_type=\"text-editor.default\">\n\t\t\t\t<div class=\"elementor-widget-container\">\n\t\t\t\t\t\t\t\t\t<article><div><p style=\"box-sizing: inherit; margin: 0px 0px 15px; font-size: 14px; color: #14133b;\"><span style=\"box-sizing: inherit; font-size: 11pt; color: #000000; background-color: transparent;\">La rivista ELLE ha dedicato un articolo agli &#8220;Errori da evitare nella routine di bellezza&#8221;. Quando si parla di rituali di bellezza per i capelli, la giornalista C\u00e9line Mollet mette in evidenza i consigli di diversi esperti del settore: direttori scientifici, stilisti, tra cui Vincent Martin, co-fondatore e direttore dello sviluppo del marchio AnS Brasil.<\/span><\/p><\/div><\/article>\t\t\t\t\t\t\t\t<\/div>\n\t\t\t\t<\/div>\n\t\t\t\t<\/div>\n\t\t\t\t\t<\/div>\n\t\t\t\t<\/div>\n\t\t<div class=\"elementor-element elementor-element-6c1b04df e-flex e-con-boxed e-con e-parent\" data-id=\"6c1b04df\" data-element_type=\"container\" data-settings=\"{&quot;background_background&quot;:&quot;classic&quot;}\">\n\t\t\t\t\t<div class=\"e-con-inner\">\n\t\t<div class=\"elementor-element elementor-element-68e84667 e-con-full e-flex e-con e-child\" data-id=\"68e84667\" data-element_type=\"container\" data-settings=\"{&quot;background_background&quot;:&quot;classic&quot;}\">\n\t\t\t\t<div class=\"elementor-element elementor-element-64d23d8 elementor-widget elementor-widget-image\" data-id=\"64d23d8\" data-element_type=\"widget\" data-widget_type=\"image.default\">\n\t\t\t\t<div class=\"elementor-widget-container\">\n\t\t\t\t\t\t\t\t\t\t\t\t\t\t\t<img decoding=\"async\" width=\"768\" height=\"218\" src=\"https:\/\/ansitalia.com\/en\/wp-content\/uploads\/sites\/5\/2025\/05\/mc-768x218.png\" class=\"attachment-medium_large size-medium_large wp-image-184\" alt=\"\" srcset=\"https:\/\/ansitalia.com\/en\/wp-content\/uploads\/sites\/5\/2025\/05\/mc-768x218.png 768w, https:\/\/ansitalia.com\/en\/wp-content\/uploads\/sites\/5\/2025\/05\/mc-300x85.png 300w, https:\/\/ansitalia.com\/en\/wp-content\/uploads\/sites\/5\/2025\/05\/mc-1024x291.png 1024w, https:\/\/ansitalia.com\/en\/wp-content\/uploads\/sites\/5\/2025\/05\/mc-600x171.png 600w, https:\/\/ansitalia.com\/en\/wp-content\/uploads\/sites\/5\/2025\/05\/mc.png 1280w\" sizes=\"(max-width: 768px) 100vw, 768px\" \/>\t\t\t\t\t\t\t\t\t\t\t\t\t\t\t<\/div>\n\t\t\t\t<\/div>\n\t\t\t\t<\/div>\n\t\t<div class=\"elementor-element elementor-element-7a6258b7 e-con-full e-flex e-con e-child\" data-id=\"7a6258b7\" data-element_type=\"container\">\n\t\t\t\t<div class=\"elementor-element elementor-element-742a183c elementor-widget elementor-widget-text-editor\" data-id=\"742a183c\" data-element_type=\"widget\" data-widget_type=\"text-editor.default\">\n\t\t\t\t<div class=\"elementor-widget-container\">\n\t\t\t\t\t\t\t\t\t<p>La rivista Marie Claire ha pubblicato nel novembre 2022 un articolo intitolato<strong>\u00a0&#8220;Cheveux faites entrer la lumi\u00e8re&#8221;.<\/strong>\u00a0 La causa principale di capelli spenti e poco luminosi sono i capelli grassi. Leggete i nostri consigli su come disintossicare i capelli, anche utilizzando il nostro\u00a0<strong>scrub per capelli.<\/strong><\/p>\t\t\t\t\t\t\t\t<\/div>\n\t\t\t\t<\/div>\n\t\t\t\t<\/div>\n\t\t\t\t\t<\/div>\n\t\t\t\t<\/div>\n\t\t<div class=\"elementor-element elementor-element-240562b2 e-flex e-con-boxed e-con e-parent\" data-id=\"240562b2\" data-element_type=\"container\" data-settings=\"{&quot;background_background&quot;:&quot;classic&quot;}\">\n\t\t\t\t\t<div class=\"e-con-inner\">\n\t\t<div class=\"elementor-element elementor-element-72ba2a56 e-con-full e-flex e-con e-child\" data-id=\"72ba2a56\" data-element_type=\"container\">\n\t\t\t\t<div class=\"elementor-element elementor-element-50826692 elementor-widget elementor-widget-text-editor\" data-id=\"50826692\" data-element_type=\"widget\" data-widget_type=\"text-editor.default\">\n\t\t\t\t<div class=\"elementor-widget-container\">\n\t\t\t\t\t\t\t\t\t<p>La giornalista Marie-B\u00e9n\u00e9dicte Gauthier mette sotto i riflettori il nostro latte termoprotettivo BBOIL nel suo articolo &#8220;Cosa c&#8217;\u00e8 di nuovo nei capelli&#8221;, pubblicato sulla rivista BIBA, e condivide i consigli degli esperti di AnS Brasil su come ottimizzare i risultati e far risplendere i capelli. Scoprite di pi\u00f9 su questi consigli di bellezza nell&#8217;estratto qui sotto.<\/p>\t\t\t\t\t\t\t\t<\/div>\n\t\t\t\t<\/div>\n\t\t\t\t<\/div>\n\t\t<div class=\"elementor-element elementor-element-5f407b62 e-con-full e-flex e-con e-child\" data-id=\"5f407b62\" data-element_type=\"container\">\n\t\t\t\t<div class=\"elementor-element elementor-element-3b10875a elementor-widget elementor-widget-image\" data-id=\"3b10875a\" data-element_type=\"widget\" data-widget_type=\"image.default\">\n\t\t\t\t<div class=\"elementor-widget-container\">\n\t\t\t\t\t\t\t\t\t\t\t\t\t\t\t<img loading=\"lazy\" decoding=\"async\" width=\"768\" height=\"290\" src=\"https:\/\/ansitalia.com\/en\/wp-content\/uploads\/sites\/5\/2025\/05\/Avantages-Logo-Vector.svg-1-1-768x290.png\" class=\"attachment-medium_large size-medium_large wp-image-185\" alt=\"\" srcset=\"https:\/\/ansitalia.com\/en\/wp-content\/uploads\/sites\/5\/2025\/05\/Avantages-Logo-Vector.svg-1-1-768x290.png 768w, https:\/\/ansitalia.com\/en\/wp-content\/uploads\/sites\/5\/2025\/05\/Avantages-Logo-Vector.svg-1-1-300x113.png 300w, https:\/\/ansitalia.com\/en\/wp-content\/uploads\/sites\/5\/2025\/05\/Avantages-Logo-Vector.svg-1-1-1024x387.png 1024w, https:\/\/ansitalia.com\/en\/wp-content\/uploads\/sites\/5\/2025\/05\/Avantages-Logo-Vector.svg-1-1-1536x580.png 1536w, https:\/\/ansitalia.com\/en\/wp-content\/uploads\/sites\/5\/2025\/05\/Avantages-Logo-Vector.svg-1-1-600x227.png 600w, https:\/\/ansitalia.com\/en\/wp-content\/uploads\/sites\/5\/2025\/05\/Avantages-Logo-Vector.svg-1-1.png 1875w\" sizes=\"(max-width: 768px) 100vw, 768px\" \/>\t\t\t\t\t\t\t\t\t\t\t\t\t\t\t<\/div>\n\t\t\t\t<\/div>\n\t\t\t\t<\/div>\n\t\t<div class=\"elementor-element elementor-element-344415cf e-con-full e-flex e-con e-child\" data-id=\"344415cf\" data-element_type=\"container\">\n\t\t\t\t<div class=\"elementor-element elementor-element-4e217b62 elementor-widget elementor-widget-image\" data-id=\"4e217b62\" data-element_type=\"widget\" data-widget_type=\"image.default\">\n\t\t\t\t<div class=\"elementor-widget-container\">\n\t\t\t\t\t\t\t\t\t\t\t\t\t\t\t<img decoding=\"async\" src=\"https:\/\/ansitalia.com\/en\/wp-content\/plugins\/elementor\/assets\/images\/placeholder.png\" title=\"\" alt=\"\" loading=\"lazy\" \/>\t\t\t\t\t\t\t\t\t\t\t\t\t\t\t<\/div>\n\t\t\t\t<\/div>\n\t\t\t\t<\/div>\n\t\t<div class=\"elementor-element elementor-element-6941866d e-con-full e-flex e-con e-child\" data-id=\"6941866d\" data-element_type=\"container\">\n\t\t\t\t<div class=\"elementor-element elementor-element-25a18ae8 elementor-widget elementor-widget-text-editor\" data-id=\"25a18ae8\" data-element_type=\"widget\" data-widget_type=\"text-editor.default\">\n\t\t\t\t<div class=\"elementor-widget-container\">\n\t\t\t\t\t\t\t\t\t<p>Il numero di giugno 2022 della rivista AVANTAGES mette in evidenza i consigli di <b>Vincent Martin<\/b>, cofondatore di AnS e direttore dello sviluppo del marchio, nell&#8217;articolo &#8220;Cheveux esquint\u00e9s on leur refait une beaut\u00e9&#8221;. La filosofia che sta alla base delle routine per la cura della pelle di AnS \u00e8 presente in primo piano insieme ad altri grandi nomi della cosmesi scientifica per capelli. La giornalista Gertrude GUESDON ci ha fatto l&#8217;onore di citarci pi\u00f9 volte e, oltre ai consigli, ha dato risalto al nostro bagno rinforzante <b>Nutri+<\/b>.<\/p>\t\t\t\t\t\t\t\t<\/div>\n\t\t\t\t<\/div>\n\t\t\t\t<\/div>\n\t\t\t\t\t<\/div>\n\t\t\t\t<\/div>\n\t\t<div class=\"elementor-element elementor-element-58caa6b2 e-flex e-con-boxed e-con e-parent\" data-id=\"58caa6b2\" data-element_type=\"container\">\n\t\t\t\t\t<div class=\"e-con-inner\">\n\t\t\t\t<div class=\"elementor-element elementor-element-1ada1010 elementor-arrows-position-outside elementor-widget elementor-widget-image-carousel\" data-id=\"1ada1010\" data-element_type=\"widget\" data-settings=\"{&quot;slides_to_show&quot;:&quot;5&quot;,&quot;navigation&quot;:&quot;arrows&quot;,&quot;image_spacing_custom&quot;:{&quot;unit&quot;:&quot;px&quot;,&quot;size&quot;:10,&quot;sizes&quot;:[]},&quot;autoplay&quot;:&quot;yes&quot;,&quot;pause_on_hover&quot;:&quot;yes&quot;,&quot;pause_on_interaction&quot;:&quot;yes&quot;,&quot;autoplay_speed&quot;:5000,&quot;infinite&quot;:&quot;yes&quot;,&quot;speed&quot;:500,&quot;image_spacing_custom_tablet&quot;:{&quot;unit&quot;:&quot;px&quot;,&quot;size&quot;:&quot;&quot;,&quot;sizes&quot;:[]},&quot;image_spacing_custom_mobile&quot;:{&quot;unit&quot;:&quot;px&quot;,&quot;size&quot;:&quot;&quot;,&quot;sizes&quot;:[]}}\" data-widget_type=\"image-carousel.default\">\n\t\t\t\t<div class=\"elementor-widget-container\">\n\t\t\t\t\t\t\t<div class=\"elementor-image-carousel-wrapper swiper\" role=\"region\" aria-roledescription=\"carousel\" aria-label=\"Image Carousel\" dir=\"ltr\">\n\t\t\t<div class=\"elementor-image-carousel swiper-wrapper\" aria-live=\"off\">\n\t\t\t\t\t\t\t\t<div class=\"swiper-slide\" role=\"group\" aria-roledescription=\"slide\" aria-label=\"1 of 10\"><figure class=\"swiper-slide-inner\"><img decoding=\"async\" class=\"swiper-slide-image\" src=\"https:\/\/ansitalia.com\/en\/wp-content\/uploads\/sites\/5\/2025\/05\/30-300x143.jpg\" alt=\"30.jpg\" \/><\/figure><\/div><div class=\"swiper-slide\" role=\"group\" aria-roledescription=\"slide\" aria-label=\"2 of 10\"><figure class=\"swiper-slide-inner\"><img decoding=\"async\" class=\"swiper-slide-image\" src=\"https:\/\/ansitalia.com\/en\/wp-content\/uploads\/sites\/5\/2025\/05\/Avantages-Logo-Vector.svg-1-1-300x113.png\" alt=\"Avantages-Logo-Vector.svg-1-1.png\" \/><\/figure><\/div><div class=\"swiper-slide\" role=\"group\" aria-roledescription=\"slide\" aria-label=\"3 of 10\"><figure class=\"swiper-slide-inner\"><img decoding=\"async\" class=\"swiper-slide-image\" src=\"https:\/\/ansitalia.com\/en\/wp-content\/uploads\/sites\/5\/2025\/05\/biba-1-300x102.png\" alt=\"biba-1.png\" \/><\/figure><\/div><div class=\"swiper-slide\" role=\"group\" aria-roledescription=\"slide\" aria-label=\"4 of 10\"><figure class=\"swiper-slide-inner\"><img decoding=\"async\" class=\"swiper-slide-image\" src=\"https:\/\/ansitalia.com\/en\/wp-content\/uploads\/sites\/5\/2025\/05\/elle-1-300x116.png\" alt=\"elle-1.png\" \/><\/figure><\/div><div class=\"swiper-slide\" role=\"group\" aria-roledescription=\"slide\" aria-label=\"5 of 10\"><figure class=\"swiper-slide-inner\"><img decoding=\"async\" class=\"swiper-slide-image\" src=\"https:\/\/ansitalia.com\/en\/wp-content\/uploads\/sites\/5\/2025\/05\/Femme-actuelle-1-300x212.jpg\" alt=\"Femme-actuelle-1.jpg\" \/><\/figure><\/div><div class=\"swiper-slide\" role=\"group\" aria-roledescription=\"slide\" aria-label=\"6 of 10\"><figure class=\"swiper-slide-inner\"><img decoding=\"async\" class=\"swiper-slide-image\" src=\"https:\/\/ansitalia.com\/en\/wp-content\/uploads\/sites\/5\/2025\/05\/Le-Parisien-Week-end-300x123.jpg\" alt=\"Le-Parisien-Week-end.jpg\" \/><\/figure><\/div><div class=\"swiper-slide\" role=\"group\" aria-roledescription=\"slide\" aria-label=\"7 of 10\"><figure class=\"swiper-slide-inner\"><img decoding=\"async\" class=\"swiper-slide-image\" src=\"https:\/\/ansitalia.com\/en\/wp-content\/uploads\/sites\/5\/2025\/05\/logo-version-femina-644bbd1be4557216359932-300x73.png\" alt=\"logo-version-femina-644bbd1be4557216359932.png\" \/><\/figure><\/div><div class=\"swiper-slide\" role=\"group\" aria-roledescription=\"slide\" aria-label=\"8 of 10\"><figure class=\"swiper-slide-inner\"><img decoding=\"async\" class=\"swiper-slide-image\" src=\"https:\/\/ansitalia.com\/en\/wp-content\/uploads\/sites\/5\/2025\/05\/topsante-1-300x185.jpg\" alt=\"topsante-1.jpg\" \/><\/figure><\/div><div class=\"swiper-slide\" role=\"group\" aria-roledescription=\"slide\" aria-label=\"9 of 10\"><figure class=\"swiper-slide-inner\"><img decoding=\"async\" class=\"swiper-slide-image\" src=\"https:\/\/ansitalia.com\/en\/wp-content\/uploads\/sites\/5\/2025\/05\/mc2-300x85.png\" alt=\"mc2.png\" \/><\/figure><\/div><div class=\"swiper-slide\" role=\"group\" aria-roledescription=\"slide\" aria-label=\"10 of 10\"><figure class=\"swiper-slide-inner\"><img decoding=\"async\" class=\"swiper-slide-image\" src=\"https:\/\/ansitalia.com\/en\/wp-content\/uploads\/sites\/5\/2025\/05\/elle-supp-300x142.jpg\" alt=\"elle-supp.jpg\" \/><\/figure><\/div>\t\t\t<\/div>\n\t\t\t\t\t\t\t\t\t\t\t\t<div class=\"elementor-swiper-button elementor-swiper-button-prev\" role=\"button\" tabindex=\"0\">\n\t\t\t\t\t\t<svg aria-hidden=\"true\" class=\"e-font-icon-svg e-eicon-chevron-left\" viewBox=\"0 0 1000 1000\" xmlns=\"http:\/\/www.w3.org\/2000\/svg\"><path d=\"M646 125C629 125 613 133 604 142L308 442C296 454 292 471 292 487 292 504 296 521 308 533L604 854C617 867 629 875 646 875 663 875 679 871 692 858 704 846 713 829 713 812 713 796 708 779 692 767L438 487 692 225C700 217 708 204 708 187 708 171 704 154 692 142 675 129 663 125 646 125Z\"><\/path><\/svg>\t\t\t\t\t<\/div>\n\t\t\t\t\t<div class=\"elementor-swiper-button elementor-swiper-button-next\" role=\"button\" tabindex=\"0\">\n\t\t\t\t\t\t<svg aria-hidden=\"true\" class=\"e-font-icon-svg e-eicon-chevron-right\" viewBox=\"0 0 1000 1000\" xmlns=\"http:\/\/www.w3.org\/2000\/svg\"><path d=\"M696 533C708 521 713 504 713 487 713 471 708 454 696 446L400 146C388 133 375 125 354 125 338 125 325 129 313 142 300 154 292 171 292 187 292 204 296 221 308 233L563 492 304 771C292 783 288 800 288 817 288 833 296 850 308 863 321 871 338 875 354 875 371 875 388 867 400 854L696 533Z\"><\/path><\/svg>\t\t\t\t\t<\/div>\n\t\t\t\t\n\t\t\t\t\t\t\t\t\t<\/div>\n\t\t\t\t\t\t<\/div>\n\t\t\t\t<\/div>\n\t\t\t\t\t<\/div>\n\t\t\t\t<\/div>\n\t\t\t\t<\/div>\n\t\t","protected":false},"excerpt":{"rendered":"<p>AnS Brasil AnS Brasil viene spesso citata dalla stampa per i suoi prodotti,\u00a0 per le sue idee innovative e per [&hellip;]<\/p>\n","protected":false},"author":1,"featured_media":0,"parent":0,"menu_order":0,"comment_status":"closed","ping_status":"closed","template":"elementor_theme","meta":{"site-sidebar-layout":"default","site-content-layout":"","ast-site-content-layout":"full-width-container","site-content-style":"unboxed","site-sidebar-style":"default","ast-global-header-display":"","ast-banner-title-visibility":"","ast-main-header-display":"","ast-hfb-above-header-display":"","ast-hfb-below-header-display":"","ast-hfb-mobile-header-display":"","site-post-title":"","ast-breadcrumbs-content":"","ast-featured-img":"","footer-sml-layout":"","ast-disable-related-posts":"","theme-transparent-header-meta":"","adv-header-id-meta":"","stick-header-meta":"","header-above-stick-meta":"","header-main-stick-meta":"","header-below-stick-meta":"","astra-migrate-meta-layouts":"default","ast-page-background-enabled":"default","ast-page-background-meta":{"desktop":{"background-color":"var(--ast-global-color-5)","background-image":"","background-repeat":"repeat","background-position":"center center","background-size":"auto","background-attachment":"scroll","background-type":"","background-media":"","overlay-type":"","overlay-color":"","overlay-opacity":"","overlay-gradient":""},"tablet":{"background-color":"","background-image":"","background-repeat":"repeat","background-position":"center center","background-size":"auto","background-attachment":"scroll","background-type":"","background-media":"","overlay-type":"","overlay-color":"","overlay-opacity":"","overlay-gradient":""},"mobile":{"background-color":"","background-image":"","background-repeat":"repeat","background-position":"center center","background-size":"auto","background-attachment":"scroll","background-type":"","background-media":"","overlay-type":"","overlay-color":"","overlay-opacity":"","overlay-gradient":""}},"ast-content-background-meta":{"desktop":{"background-color":"var(--ast-global-color-4)","background-image":"","background-repeat":"repeat","background-position":"center center","background-size":"auto","background-attachment":"scroll","background-type":"","background-media":"","overlay-type":"","overlay-color":"","overlay-opacity":"","overlay-gradient":""},"tablet":{"background-color":"var(--ast-global-color-4)","background-image":"","background-repeat":"repeat","background-position":"center center","background-size":"auto","background-attachment":"scroll","background-type":"","background-media":"","overlay-type":"","overlay-color":"","overlay-opacity":"","overlay-gradient":""},"mobile":{"background-color":"var(--ast-global-color-4)","background-image":"","background-repeat":"repeat","background-position":"center center","background-size":"auto","background-attachment":"scroll","background-type":"","background-media":"","overlay-type":"","overlay-color":"","overlay-opacity":"","overlay-gradient":""}},"footnotes":""},"class_list":["post-180","page","type-page","status-publish","hentry"],"_links":{"self":[{"href":"https:\/\/ansitalia.com\/en\/wp-json\/wp\/v2\/pages\/180","targetHints":{"allow":["GET"]}}],"collection":[{"href":"https:\/\/ansitalia.com\/en\/wp-json\/wp\/v2\/pages"}],"about":[{"href":"https:\/\/ansitalia.com\/en\/wp-json\/wp\/v2\/types\/page"}],"author":[{"embeddable":true,"href":"https:\/\/ansitalia.com\/en\/wp-json\/wp\/v2\/users\/1"}],"replies":[{"embeddable":true,"href":"https:\/\/ansitalia.com\/en\/wp-json\/wp\/v2\/comments?post=180"}],"version-history":[{"count":4,"href":"https:\/\/ansitalia.com\/en\/wp-json\/wp\/v2\/pages\/180\/revisions"}],"predecessor-version":[{"id":353,"href":"https:\/\/ansitalia.com\/en\/wp-json\/wp\/v2\/pages\/180\/revisions\/353"}],"wp:attachment":[{"href":"https:\/\/ansitalia.com\/en\/wp-json\/wp\/v2\/media?parent=180"}],"curies":[{"name":"wp","href":"https:\/\/api.w.org\/{rel}","templated":true}]}}